{"id":19,"date":"2011-12-29T20:30:09","date_gmt":"2011-12-29T20:30:09","guid":{"rendered":"http:\/\/www.blog.armin-reimold.de\/?page_id=19"},"modified":"2021-01-01T08:40:22","modified_gmt":"2021-01-01T07:40:22","slug":"november-2011","status":"publish","type":"page","link":"http:\/\/www.blog.armin-reimold.de\/?page_id=19","title":{"rendered":"2011"},"content":{"rendered":"<p><strong>Dezember<\/strong><\/p>\n<p>bisher ist der Winter noch nicht gekommen, einmal f\u00fcr zwei Tage ein bi\u00dfchen Schnee, aber so richtig zum Fotografieren hat es bei uns noch nicht gereicht.<\/p>\n<p>[nggallery id=12]<\/p>\n<p><strong>November<\/strong><\/p>\n<p>Auch der November zeigt sich sehr sch\u00f6n und bisher viel zu trocken in Deutschland&#8230;<\/p>\n<p>[nggallery id=43]<\/p>\n<p>Bilder unter anderem auch vom Pragfriedhof in Stuttgart. Besonders sch\u00f6n ist der alte, j\u00fcdische Teil&#8230;.<\/p>\n<p><strong>Oktober<\/strong><\/p>\n<p>Goldener Oktober &#8211; Wandern im Schwarzwald.<\/p>\n<p>[nggallery id=1]<\/p>\n<p><strong>September<\/strong><\/p>\n<div>\n<p>Im September war ich auf der IAA in Frankfurt. Der Trend da: Elektromobilit\u00e4t und weniger weibliche Showgirls&#8230;<\/p>\n<p>Au\u00dferdem habe ich mir ein neues Objektiv geg\u00f6nnt &#8211; ein <a href=\"http:\/\/lensbaby.com\/lenses-composer-tt.php\" target=\"_blank\" rel=\"noopener\">Lensbaby<\/a><\/p>\n<p>[nggallery id=52]<\/p>\n<\/div>\n<p><strong>August<\/strong><\/p>\n<p>Vollmond bei Deckenpfonn. Angeregt zu den Bildern wurde ich durch das Bild <a href=\"http:\/\/www.hcc.commnet.edu\/artmuseum\/anseladams\/details\/moonrise.html\" target=\"_blank\" rel=\"noopener\">Moon over Hernandez von Ansel Adam<\/a>. Allerdings war es bei Ansel Adam ein Mondaufgang, bei mir der Monduntergang. Ich werde weiter \u00fcben&#8230;.<\/p>\n<p>[nggallery id=7]<\/p>\n<p><strong>Juli<\/strong><\/p>\n<div>\n<p>Im Juli war ich im Urlaub im <a href=\"http:\/\/www.vallemaira.de\/\" target=\"_blank\" rel=\"noopener\">Valle Maira.<\/a> Die Bilder finden sich auf meiner Homepage armin-reimold.de<\/p>\n<p>Hier werde ich k\u00fcnftig wieder mehr Bilder unterbringen, da ich meine Internetpr\u00e4senz auf 2GB Speicherplatz vergr\u00f6\u00dfert habe.<\/p>\n<p>&nbsp;<\/p>\n<\/div>\n<p><strong>Juni<\/strong><\/p>\n<p>Sonnenaufgang auf dem Belchen. Zu dieser Jahreszeit geht die Sonne um 5:30 Uhr auf! Da man auch noch eine knappe Stunde zum hochlaufen ben\u00f6tigt, ist fr\u00fches Aufstehen angesagt.<\/p>\n<p>Makroaufnahmen aus dem Sch\u00f6nbuch und vom &#8222;K\u00fcchentisch&#8220; und Bilder aus dem Moseltal von eienm verl\u00e4ngerten Wochenende.<\/p>\n<p>[nggallery id=29]<\/p>\n<p>&nbsp;<\/p>\n<p><strong>Mai<\/strong><\/p>\n<p>Ehec ist das schreckliche Wort f\u00fcr Mai in Deutschland. Ein Coli Bakterium, aber was f\u00fcr Eines! Bisher schon 21 Tote in Norddeutschland und niemand wei\u00df woher der Erreger kommt.<\/p>\n<div>\n<p>Nachtrag 05.06.2011 Es sind wohl Sprossen die als Salatbeilage verwendet werden. Daher auch der gro\u00dfe Anteil angesteckter Frauen.<\/p>\n<p>[nggallery id=39]<\/p>\n<\/div>\n<p><strong>April<\/strong><\/p>\n<p>zun\u00e4chst war ich gesch\u00e4ftlich wieder zwei Wochen in Ungarn, zum letzten Mal verutlich. Daher noch einige Bilder geschossen. Ansonsten ist der April sommerlich warm und viel zu trocken. 27 Grad an Ostern ist schon heftig.<\/p>\n<p>Fr\u00fchling im botanischen Garten T\u00fcbingen und im Heckeng\u00e4u<\/p>\n<p>..und ein bi\u00dfchen Tabletop Fotografie ist auch noch dabei. Das neue Lichtzelt <a href=\"http:\/\/www.allesfoto.de\/\" target=\"_blank\" rel=\"noopener\">&#8222;vom Brenner&#8220;<\/a>\u00a0ist ganz ok&#8230;.<\/p>\n<p>Von Unterm\u00fcnstertal auf den Belchen und zur\u00fcck. Eine sehr sch\u00f6ne Wanderung, etwa 20 km, 1.100 H\u00f6henmeter rauf und runter. Wir hatten nur das Pech, auf dem Gipfel in ein Gewitter zu kommen. Daher gibt es von &#8222;Oben&#8220; nicht so viele Bilder. Beschrieben ist die Wanderung <a href=\"http:\/\/www.lowa.de\/german\/wissenswertes\/wandertipps\/schwarzwald\/schwarzwald.php\" target=\"_blank\" rel=\"noopener\">hier.<\/a>\u00a0Es handelt sich um Wanderung 10.<\/p>\n<p><strong>[nggallery id=1]<\/strong><\/p>\n<p><strong>M\u00e4rz<\/strong><\/p>\n<p>Erdbeben mit Tsunami am 11. M\u00e4rz in Japan, dadurch ausgel\u00f6st\u00a0Ausfall von mehreren Atommeilern mit enormen Sch\u00e4den.\u00a0Etwa 18.000 tote Menschen. Wir sehen, wie es weiter geht.<\/p>\n<p>Und das Ganze m\u00f6glicherweise ausgel\u00f6st durch einen nahen Mond. Der Mond stand im M\u00e4rz so nahe an der Erde wie in den letzten 12 Jahren\u00a0nicht mehr. Vollmond am 19. M\u00e4rz. Die n\u00e4chste Mondann\u00e4herung ist auch erst wieder in 12 Jahren.<\/p>\n<p>[nggallery id=33]<\/p>\n<p><strong>Februar<\/strong><\/p>\n<p>Wegkreuze in Baden-W\u00fcrttemberg waren mein Motiv im Februar<\/p>\n<p>[nggallery id=16]<\/p>\n<p><strong>Januar<\/strong><\/p>\n<p>der viele Schnee vom Dezember ist bei uns weg. In Ungarn konnte ich dagegen noch sch\u00f6ne Frostbilder finden<\/p>\n<p>[nggallery id=22]<\/p>\n<p>&nbsp;<\/p>\n<p>&nbsp;<\/p>\n","protected":false},"excerpt":{"rendered":"<p>Dezember bisher ist der Winter noch nicht gekommen, einmal f\u00fcr zwei Tage ein bi\u00dfchen Schnee, aber so richtig zum Fotografieren hat es bei uns noch nicht gereicht. [nggallery id=12] November Auch der November zeigt sich sehr sch\u00f6n und bisher viel &hellip; <a href=\"http:\/\/www.blog.armin-reimold.de\/?page_id=19\">Weiterlesen <span class=\"meta-nav\">&rarr;<\/span><\/a><\/p>\n","protected":false},"author":1,"featured_media":0,"parent":2476,"menu_order":2,"comment_status":"closed","ping_status":"closed","template":"onecolumn-page.php","meta":{"footnotes":""},"class_list":["post-19","page","type-page","status-publish","hentry"],"_links":{"self":[{"href":"http:\/\/www.blog.armin-reimold.de\/index.php?rest_route=\/wp\/v2\/pages\/19","targetHints":{"allow":["GET"]}}],"collection":[{"href":"http:\/\/www.blog.armin-reimold.de\/index.php?rest_route=\/wp\/v2\/pages"}],"about":[{"href":"http:\/\/www.blog.armin-reimold.de\/index.php?rest_route=\/wp\/v2\/types\/page"}],"author":[{"embeddable":true,"href":"http:\/\/www.blog.armin-reimold.de\/index.php?rest_route=\/wp\/v2\/users\/1"}],"replies":[{"embeddable":true,"href":"http:\/\/www.blog.armin-reimold.de\/index.php?rest_route=%2Fwp%2Fv2%2Fcomments&post=19"}],"version-history":[{"count":31,"href":"http:\/\/www.blog.armin-reimold.de\/index.php?rest_route=\/wp\/v2\/pages\/19\/revisions"}],"predecessor-version":[{"id":2479,"href":"http:\/\/www.blog.armin-reimold.de\/index.php?rest_route=\/wp\/v2\/pages\/19\/revisions\/2479"}],"up":[{"embeddable":true,"href":"http:\/\/www.blog.armin-reimold.de\/index.php?rest_route=\/wp\/v2\/pages\/2476"}],"wp:attachment":[{"href":"http:\/\/www.blog.armin-reimold.de\/index.php?rest_route=%2Fwp%2Fv2%2Fmedia&parent=19"}],"curies":[{"name":"wp","href":"https:\/\/api.w.org\/{rel}","templated":true}]}}