{"id":212,"date":"2012-10-26T18:30:11","date_gmt":"2012-10-26T18:30:11","guid":{"rendered":"http:\/\/www.blog.armin-reimold.de\/?page_id=212"},"modified":"2013-11-28T08:03:36","modified_gmt":"2013-11-28T08:03:36","slug":"links","status":"publish","type":"page","link":"http:\/\/www.blog.armin-reimold.de\/?page_id=212","title":{"rendered":"Links"},"content":{"rendered":"<p><a title=\"Pen and Tell\" href=\"http:\/\/pen-and-tell.blogspot.de\/\" target=\"_blank\">Pen and Tell<\/a><\/p>\n<p>ein gutes Blog \u00fcber Olympus Kameras<\/p>\n<p><a title=\"Simply Robin\" href=\"http:\/\/robinwong.blogspot.de\/\" target=\"_blank\">Simply Robin<\/a><\/p>\n<p>ein Muss f\u00fcr Olympus Fans<\/p>\n<p><a title=\"Fokusiert.com\" href=\"http:\/\/fokussiert.com\/\" target=\"_blank\">fokusiert<\/a><\/p>\n<p>breitgef\u00e4cherte Informationen zur Fotografie<\/p>\n<p><a title=\"kwerfeldein\" href=\"http:\/\/kwerfeldein.de\/\" target=\"_blank\">kwerfeldein<\/a><\/p>\n<p>breitgef\u00e4cherte Informationen zur Fotografie<\/p>\n<p><a title=\"500px\" href=\"http:\/\/www.500px.com\" target=\"_blank\">\u00a0500px<\/a><\/p>\n<p>Viele gute Bilder aus aller Welt<\/p>\n<p>&nbsp;<\/p>\n<p>&nbsp;<\/p>\n","protected":false},"excerpt":{"rendered":"<p>Pen and Tell ein gutes Blog \u00fcber Olympus Kameras Simply Robin ein Muss f\u00fcr Olympus Fans fokusiert breitgef\u00e4cherte Informationen zur Fotografie kwerfeldein breitgef\u00e4cherte Informationen zur Fotografie \u00a0500px Viele gute Bilder aus aller Welt &nbsp; &nbsp;<\/p>\n","protected":false},"author":1,"featured_media":0,"parent":0,"menu_order":0,"comment_status":"closed","ping_status":"closed","template":"","meta":{"footnotes":""},"class_list":["post-212","page","type-page","status-publish","hentry"],"_links":{"self":[{"href":"http:\/\/www.blog.armin-reimold.de\/index.php?rest_route=\/wp\/v2\/pages\/212","targetHints":{"allow":["GET"]}}],"collection":[{"href":"http:\/\/www.blog.armin-reimold.de\/index.php?rest_route=\/wp\/v2\/pages"}],"about":[{"href":"http:\/\/www.blog.armin-reimold.de\/index.php?rest_route=\/wp\/v2\/types\/page"}],"author":[{"embeddable":true,"href":"http:\/\/www.blog.armin-reimold.de\/index.php?rest_route=\/wp\/v2\/users\/1"}],"replies":[{"embeddable":true,"href":"http:\/\/www.blog.armin-reimold.de\/index.php?rest_route=%2Fwp%2Fv2%2Fcomments&post=212"}],"version-history":[{"count":9,"href":"http:\/\/www.blog.armin-reimold.de\/index.php?rest_route=\/wp\/v2\/pages\/212\/revisions"}],"predecessor-version":[{"id":478,"href":"http:\/\/www.blog.armin-reimold.de\/index.php?rest_route=\/wp\/v2\/pages\/212\/revisions\/478"}],"wp:attachment":[{"href":"http:\/\/www.blog.armin-reimold.de\/index.php?rest_route=%2Fwp%2Fv2%2Fmedia&parent=212"}],"curies":[{"name":"wp","href":"https:\/\/api.w.org\/{rel}","templated":true}]}}