{"id":2261,"date":"2019-01-01T18:17:06","date_gmt":"2019-01-01T17:17:06","guid":{"rendered":"http:\/\/www.blog.armin-reimold.de\/?page_id=2261"},"modified":"2019-12-25T14:04:17","modified_gmt":"2019-12-25T13:04:17","slug":"2019-2","status":"publish","type":"page","link":"http:\/\/www.blog.armin-reimold.de\/?page_id=2261","title":{"rendered":"2019"},"content":{"rendered":"\n<h2 class=\"wp-block-heading\">Dezember<\/h2>\n\n\n\n<figure class=\"wp-block-image size-large is-style-default\"><img loading=\"lazy\" decoding=\"async\" width=\"640\" height=\"853\" src=\"http:\/\/www.blog.armin-reimold.de\/wp-content\/uploads\/2019\/12\/20191218-_M180101_01-Bearbeitet_k.jpg\" alt=\"\" class=\"wp-image-2323\" srcset=\"http:\/\/www.blog.armin-reimold.de\/wp-content\/uploads\/2019\/12\/20191218-_M180101_01-Bearbeitet_k.jpg 640w, http:\/\/www.blog.armin-reimold.de\/wp-content\/uploads\/2019\/12\/20191218-_M180101_01-Bearbeitet_k-225x300.jpg 225w\" sizes=\"auto, (max-width: 640px) 100vw, 640px\" \/><\/figure>\n\n\n\n<p>Im Dezember habe ich mir das neue <a href=\"https:\/\/www.olympus.de\/site\/de\/c\/cameras_accessories\/pen_om_d_cameras_accessories\/pen_om_d_flash_systems\/fc_wr\/index.html\">Funk-TTL-Blitzsystem von Olympus<\/a> beschafft. F\u00fcr jemand der nicht gerne blitzt ist das Teil genial. Was mich st\u00f6rt, ist das die Zoomeinstellung des Objektivs nicht per Funk \u00fcbertragen wird. Sitzt der Blitz direkt auf der Kamera, wird die zoomeinstellung angepa\u00dft. Da ich aber \u00fcberwiegend weiches Licht ben\u00f6tige, beabsichtige ich eh weitestgehend im Weitwinkemode und mit Reflektor zu arbeiten. Die <a rel=\"noreferrer noopener\" aria-label=\"Empf\u00e4nger (\u00f6ffnet in neuem Tab)\" href=\"https:\/\/www.olympus.de\/site\/de\/c\/cameras_accessories\/pen_om_d_cameras_accessories\/pen_om_d_flash_systems\/fr_wr\/index.html\" target=\"_blank\">Empf\u00e4nger<\/a> arbeiten sowohl mit meinem Metz 48 AF 1, als auch mit dem <a rel=\"noreferrer noopener\" aria-label=\"Olympus 600R (\u00f6ffnet in neuem Tab)\" href=\"https:\/\/www.olympus.de\/site\/de\/c\/cameras_accessories\/pen_om_d_cameras_accessories\/pen_om_d_flash_systems\/fl_600r\/index.html\" target=\"_blank\">Olympus 600R<\/a> problemlos zusammen<\/p>\n\n\n\n<figure class=\"wp-block-image size-large\"><img loading=\"lazy\" decoding=\"async\" width=\"640\" height=\"853\" src=\"http:\/\/www.blog.armin-reimold.de\/wp-content\/uploads\/2019\/12\/2019_Advent-Englisch_k.jpg\" alt=\"\" class=\"wp-image-2318\" srcset=\"http:\/\/www.blog.armin-reimold.de\/wp-content\/uploads\/2019\/12\/2019_Advent-Englisch_k.jpg 640w, http:\/\/www.blog.armin-reimold.de\/wp-content\/uploads\/2019\/12\/2019_Advent-Englisch_k-225x300.jpg 225w\" sizes=\"auto, (max-width: 640px) 100vw, 640px\" \/><\/figure>\n\n\n\n<h2 class=\"wp-block-heading\">November<\/h2>\n\n\n\n<p>Ich habe mir bei Olympus die<a href=\"https:\/\/www.olympus.de\/site\/de\/c\/cameras\/om_d_system_cameras\/om_d\/e_m5_mark_iii\/index.html\"> E-M5 Mark 3<\/a> gekauft und habe bisher folgendes Fazit im Vergleich zur E-M1 Mark 2:<\/p>\n\n\n\n<p>CONTRA<\/p>\n\n\n\n<p>f\u00fcr die Pro Objektive nur bedingt geeignet, das 40-150 macht kein Spass, das 300er erst recht nicht.<\/p>\n\n\n\n<p>Der Autofokus sitzt nicht ganz so leicht wie bei der E-M1 Mark 2, speziell bei Nebel und geringem Kontrast<\/p>\n\n\n\n<p>Die alten 43 Objektive arbeiten auch nicht ganz so fl\u00fcssig<\/p>\n\n\n\n<p>Man kann die Benutzereinstellungen leider nicht auf dem PC speichern.<\/p>\n\n\n\n<p>PRO:<\/p>\n\n\n\n<p>Kleiner, leichter daher absolut reisetauglich<\/p>\n\n\n\n<p>F\u00fcr das mft System perfekt, <\/p>\n\n\n\n<p>Sie kann die Dinge, die mir bei der Fotografie wichtig sind und hat manches Unn\u00f6tige nicht dabei.<\/p>\n\n\n\n<p>Ja, ich w\u00fcrde sie unter den Gesichtspunkten wieder kaufen, am Ausl\u00f6seger\u00e4uch k\u00f6nnte Olympus aber noch arbeiten \ud83d\ude09<\/p>\n\n\n\n<p><\/p>\n\n\n\n<p><\/p>\n\n\n\n<h2 class=\"wp-block-heading\">April<\/h2>\n\n\n\n<figure class=\"wp-block-image\"><img loading=\"lazy\" decoding=\"async\" width=\"48\" height=\"68\" src=\"http:\/\/www.blog.armin-reimold.de\/wp-content\/uploads\/2019\/04\/ribbon-black_68.png\" alt=\"\" class=\"wp-image-2301\"\/><\/figure>\n\n\n\n<p>Und macht genau so bescheiden weiter: <br>Am Ostersonntag werden auf Sri Lanka Bomben in Kirchen und Touristenhotels gez\u00fcndet. <a aria-label=\"Mindestens 290 Tote.  (\u00f6ffnet in neuem Tab)\" href=\"https:\/\/edition.cnn.com\/asia\/live-news\/sri-lanka-easter-sunday-explosions-dle-intl\/index.html\" target=\"_blank\" rel=\"noreferrer noopener\">Mindestens 290 Tote. <\/a><br>Anscheinend von einer moslemischen, terroristischen Vereinigung ver\u00fcbt&#8230;.<\/p>\n\n\n\n<figure class=\"wp-block-image\"><img loading=\"lazy\" decoding=\"async\" width=\"600\" height=\"800\" src=\"http:\/\/www.blog.armin-reimold.de\/wp-content\/uploads\/2019\/04\/20190418-_4180007-Bearbeitet.jpg\" alt=\"\" class=\"wp-image-2311\" srcset=\"http:\/\/www.blog.armin-reimold.de\/wp-content\/uploads\/2019\/04\/20190418-_4180007-Bearbeitet.jpg 600w, http:\/\/www.blog.armin-reimold.de\/wp-content\/uploads\/2019\/04\/20190418-_4180007-Bearbeitet-225x300.jpg 225w\" sizes=\"auto, (max-width: 600px) 100vw, 600px\" \/><figcaption>Frohe Ostern!<\/figcaption><\/figure>\n\n\n\n<p>Der April startet bescheiden. 07.04.2019 RIP Marga Reimold<\/p>\n\n\n\n<figure class=\"wp-block-image\"><img loading=\"lazy\" decoding=\"async\" width=\"800\" height=\"533\" src=\"http:\/\/www.blog.armin-reimold.de\/wp-content\/uploads\/2019\/04\/Anzeige-Marga.jpg\" alt=\"\" class=\"wp-image-2297\" srcset=\"http:\/\/www.blog.armin-reimold.de\/wp-content\/uploads\/2019\/04\/Anzeige-Marga.jpg 800w, http:\/\/www.blog.armin-reimold.de\/wp-content\/uploads\/2019\/04\/Anzeige-Marga-300x200.jpg 300w, http:\/\/www.blog.armin-reimold.de\/wp-content\/uploads\/2019\/04\/Anzeige-Marga-768x512.jpg 768w\" sizes=\"auto, (max-width: 800px) 100vw, 800px\" \/><\/figure>\n\n\n\n<figure class=\"wp-block-image\"><img loading=\"lazy\" decoding=\"async\" width=\"800\" height=\"600\" src=\"http:\/\/www.blog.armin-reimold.de\/wp-content\/uploads\/2019\/04\/IMG_20190408_110214.jpg\" alt=\"\" class=\"wp-image-2300\" srcset=\"http:\/\/www.blog.armin-reimold.de\/wp-content\/uploads\/2019\/04\/IMG_20190408_110214.jpg 800w, http:\/\/www.blog.armin-reimold.de\/wp-content\/uploads\/2019\/04\/IMG_20190408_110214-300x225.jpg 300w, http:\/\/www.blog.armin-reimold.de\/wp-content\/uploads\/2019\/04\/IMG_20190408_110214-768x576.jpg 768w\" sizes=\"auto, (max-width: 800px) 100vw, 800px\" \/><\/figure>\n\n\n\n<figure class=\"wp-block-image\"><img loading=\"lazy\" decoding=\"async\" width=\"600\" height=\"879\" src=\"http:\/\/www.blog.armin-reimold.de\/wp-content\/uploads\/2019\/04\/IMG_20190408_172748.jpg\" alt=\"\" class=\"wp-image-2299\" srcset=\"http:\/\/www.blog.armin-reimold.de\/wp-content\/uploads\/2019\/04\/IMG_20190408_172748.jpg 600w, http:\/\/www.blog.armin-reimold.de\/wp-content\/uploads\/2019\/04\/IMG_20190408_172748-205x300.jpg 205w\" sizes=\"auto, (max-width: 600px) 100vw, 600px\" \/><figcaption>Vergissmeinnicht &#8211; Ich werde dich nicht vergessen!<\/figcaption><\/figure>\n\n\n\n<h2 class=\"wp-block-heading\">M\u00e4rz<\/h2>\n\n\n\n<figure class=\"wp-block-image\"><img loading=\"lazy\" decoding=\"async\" width=\"600\" height=\"800\" src=\"http:\/\/www.blog.armin-reimold.de\/wp-content\/uploads\/2019\/04\/20190331-_M110026_02-Bearbeitet.jpg\" alt=\"\" class=\"wp-image-2298\" srcset=\"http:\/\/www.blog.armin-reimold.de\/wp-content\/uploads\/2019\/04\/20190331-_M110026_02-Bearbeitet.jpg 600w, http:\/\/www.blog.armin-reimold.de\/wp-content\/uploads\/2019\/04\/20190331-_M110026_02-Bearbeitet-225x300.jpg 225w\" sizes=\"auto, (max-width: 600px) 100vw, 600px\" \/><\/figure>\n\n\n\n<p>Das Fr\u00fchjahr ist da. Am Wochenende 23.03.-24.03. hatten wir lockere 20 Grad im Schatten. Die Zierquitte bl\u00fcht und die Schleen. Apfel und Kirsche ben\u00f6tigen noch ein paar Tage&#8230;<\/p>\n\n\n\n<figure class=\"wp-block-image\"><img loading=\"lazy\" decoding=\"async\" width=\"800\" height=\"600\" src=\"http:\/\/www.blog.armin-reimold.de\/wp-content\/uploads\/2019\/03\/20190323-_M130094.jpg\" alt=\"\" class=\"wp-image-2290\" srcset=\"http:\/\/www.blog.armin-reimold.de\/wp-content\/uploads\/2019\/03\/20190323-_M130094.jpg 800w, http:\/\/www.blog.armin-reimold.de\/wp-content\/uploads\/2019\/03\/20190323-_M130094-300x225.jpg 300w, http:\/\/www.blog.armin-reimold.de\/wp-content\/uploads\/2019\/03\/20190323-_M130094-768x576.jpg 768w\" sizes=\"auto, (max-width: 800px) 100vw, 800px\" \/><\/figure>\n\n\n\n<figure class=\"wp-block-image\"><img loading=\"lazy\" decoding=\"async\" width=\"800\" height=\"600\" src=\"http:\/\/www.blog.armin-reimold.de\/wp-content\/uploads\/2019\/03\/20190323-_M130101.jpg\" alt=\"\" class=\"wp-image-2291\" srcset=\"http:\/\/www.blog.armin-reimold.de\/wp-content\/uploads\/2019\/03\/20190323-_M130101.jpg 800w, http:\/\/www.blog.armin-reimold.de\/wp-content\/uploads\/2019\/03\/20190323-_M130101-300x225.jpg 300w, http:\/\/www.blog.armin-reimold.de\/wp-content\/uploads\/2019\/03\/20190323-_M130101-768x576.jpg 768w\" sizes=\"auto, (max-width: 800px) 100vw, 800px\" \/><\/figure>\n\n\n\n<figure class=\"wp-block-image\"><img loading=\"lazy\" decoding=\"async\" width=\"800\" height=\"600\" src=\"http:\/\/www.blog.armin-reimold.de\/wp-content\/uploads\/2019\/03\/20190323-_M130111.jpg\" alt=\"\" class=\"wp-image-2292\" srcset=\"http:\/\/www.blog.armin-reimold.de\/wp-content\/uploads\/2019\/03\/20190323-_M130111.jpg 800w, http:\/\/www.blog.armin-reimold.de\/wp-content\/uploads\/2019\/03\/20190323-_M130111-300x225.jpg 300w, http:\/\/www.blog.armin-reimold.de\/wp-content\/uploads\/2019\/03\/20190323-_M130111-768x576.jpg 768w\" sizes=\"auto, (max-width: 800px) 100vw, 800px\" \/><\/figure>\n\n\n\n<p>Am 21.M\u00e4rz hatten wir Vollmod und einen <a aria-label=\"&quot;Supermond&quot; (\u00f6ffnet in neuem Tab)\" href=\"https:\/\/www.timeanddate.de\/astronomie\/mond\/supermond\" target=\"_blank\" rel=\"noreferrer noopener\">&#8222;Supermond&#8220;<\/a> in Deutschland. Da das Wetter gut war, ist es mir gelungen einige Bilder davon aufzunehmen.<\/p>\n\n\n\n<figure class=\"wp-block-image\"><img loading=\"lazy\" decoding=\"async\" width=\"800\" height=\"600\" src=\"http:\/\/www.blog.armin-reimold.de\/wp-content\/uploads\/2019\/03\/20190321-_M110039.jpg\" alt=\"\" class=\"wp-image-2287\" srcset=\"http:\/\/www.blog.armin-reimold.de\/wp-content\/uploads\/2019\/03\/20190321-_M110039.jpg 800w, http:\/\/www.blog.armin-reimold.de\/wp-content\/uploads\/2019\/03\/20190321-_M110039-300x225.jpg 300w, http:\/\/www.blog.armin-reimold.de\/wp-content\/uploads\/2019\/03\/20190321-_M110039-768x576.jpg 768w\" sizes=\"auto, (max-width: 800px) 100vw, 800px\" \/><\/figure>\n\n\n\n<figure class=\"wp-block-image\"><img loading=\"lazy\" decoding=\"async\" width=\"800\" height=\"600\" src=\"http:\/\/www.blog.armin-reimold.de\/wp-content\/uploads\/2019\/03\/20190321-_M110056.jpg\" alt=\"\" class=\"wp-image-2285\" srcset=\"http:\/\/www.blog.armin-reimold.de\/wp-content\/uploads\/2019\/03\/20190321-_M110056.jpg 800w, http:\/\/www.blog.armin-reimold.de\/wp-content\/uploads\/2019\/03\/20190321-_M110056-300x225.jpg 300w, http:\/\/www.blog.armin-reimold.de\/wp-content\/uploads\/2019\/03\/20190321-_M110056-768x576.jpg 768w\" sizes=\"auto, (max-width: 800px) 100vw, 800px\" \/><\/figure>\n\n\n\n<figure class=\"wp-block-image\"><img loading=\"lazy\" decoding=\"async\" width=\"800\" height=\"600\" src=\"http:\/\/www.blog.armin-reimold.de\/wp-content\/uploads\/2019\/03\/20190317-_M170009_01-Bearbeitet.jpg\" alt=\"\" class=\"wp-image-2286\" srcset=\"http:\/\/www.blog.armin-reimold.de\/wp-content\/uploads\/2019\/03\/20190317-_M170009_01-Bearbeitet.jpg 800w, http:\/\/www.blog.armin-reimold.de\/wp-content\/uploads\/2019\/03\/20190317-_M170009_01-Bearbeitet-300x225.jpg 300w, http:\/\/www.blog.armin-reimold.de\/wp-content\/uploads\/2019\/03\/20190317-_M170009_01-Bearbeitet-768x576.jpg 768w\" sizes=\"auto, (max-width: 800px) 100vw, 800px\" \/><figcaption>Der Fr\u00fchling ist da!<\/figcaption><\/figure>\n\n\n\n<p>Nachfolgend ein kleiner Vergleich dreier mFT Objektive: <\/p>\n\n\n\n<p>Samyang 2,0 135 Manualfokus<\/p>\n\n\n\n<p>Olympus 4,0 12-100 AF<\/p>\n\n\n\n<p>Olympus 2,8 40 &#8211; 150 AF<\/p>\n\n\n\n<p>Die Ergebnisse des 4 12-100 haben mich \u00fcberrascht. Es erscheint mir fast sch\u00e4rfer als das 2,8 40-150 bei Blende 4 am langen Ende. <\/p>\n\n\n\n<p>Den Weitwinkelbereich werde ich demn\u00e4chst testen. <\/p>\n\n\n\n<p>Ich habe dem Vergleich auch das manuelle Samyang 2,0 135 mm gegen\u00fcbergestellt, da\u00df eine super Sch\u00e4rfe aufweist und auch ein sch\u00f6nes Bokeh. <\/p>\n\n\n\n<p>F\u00fcr den Preis unschlagbar wenn man den Autofokus und den Zoom nicht ben\u00f6tigt.<\/p>\n\n\n\n<figure class=\"wp-block-image\"><img loading=\"lazy\" decoding=\"async\" width=\"918\" height=\"559\" src=\"http:\/\/www.blog.armin-reimold.de\/wp-content\/uploads\/2019\/03\/Blende_4_0_100mm_M170004.jpg\" alt=\"\" class=\"wp-image-2278\" srcset=\"http:\/\/www.blog.armin-reimold.de\/wp-content\/uploads\/2019\/03\/Blende_4_0_100mm_M170004.jpg 918w, http:\/\/www.blog.armin-reimold.de\/wp-content\/uploads\/2019\/03\/Blende_4_0_100mm_M170004-300x183.jpg 300w, http:\/\/www.blog.armin-reimold.de\/wp-content\/uploads\/2019\/03\/Blende_4_0_100mm_M170004-768x468.jpg 768w\" sizes=\"auto, (max-width: 918px) 100vw, 918px\" \/><figcaption>2,8 40-150 bei Blende 4 und 100mm 100% Ausschnitt<\/figcaption><\/figure>\n\n\n\n<figure class=\"wp-block-image\"><img loading=\"lazy\" decoding=\"async\" width=\"844\" height=\"537\" src=\"http:\/\/www.blog.armin-reimold.de\/wp-content\/uploads\/2019\/03\/100mm_Blende-4_M170004.jpg\" alt=\"\" class=\"wp-image-2272\" srcset=\"http:\/\/www.blog.armin-reimold.de\/wp-content\/uploads\/2019\/03\/100mm_Blende-4_M170004.jpg 844w, http:\/\/www.blog.armin-reimold.de\/wp-content\/uploads\/2019\/03\/100mm_Blende-4_M170004-300x191.jpg 300w, http:\/\/www.blog.armin-reimold.de\/wp-content\/uploads\/2019\/03\/100mm_Blende-4_M170004-768x489.jpg 768w\" sizes=\"auto, (max-width: 844px) 100vw, 844px\" \/><figcaption>4 12-100 bei Blende 4 und 100mm 100% Ausschnitt<\/figcaption><\/figure>\n\n\n\n<figure class=\"wp-block-image\"><img loading=\"lazy\" decoding=\"async\" width=\"937\" height=\"494\" src=\"http:\/\/www.blog.armin-reimold.de\/wp-content\/uploads\/2019\/03\/Blende-2_8_100mm_M170004.jpg\" alt=\"\" class=\"wp-image-2274\" srcset=\"http:\/\/www.blog.armin-reimold.de\/wp-content\/uploads\/2019\/03\/Blende-2_8_100mm_M170004.jpg 937w, http:\/\/www.blog.armin-reimold.de\/wp-content\/uploads\/2019\/03\/Blende-2_8_100mm_M170004-300x158.jpg 300w, http:\/\/www.blog.armin-reimold.de\/wp-content\/uploads\/2019\/03\/Blende-2_8_100mm_M170004-768x405.jpg 768w\" sizes=\"auto, (max-width: 937px) 100vw, 937px\" \/><figcaption>2,8 40-150 bei Blende 2,8 und 100mm 100% Ausschnitt<\/figcaption><\/figure>\n\n\n\n<figure class=\"wp-block-image\"><img loading=\"lazy\" decoding=\"async\" width=\"1024\" height=\"581\" src=\"http:\/\/www.blog.armin-reimold.de\/wp-content\/uploads\/2019\/03\/Blende-2_8_150mm_M170004-1024x581.jpg\" alt=\"\" class=\"wp-image-2276\" srcset=\"http:\/\/www.blog.armin-reimold.de\/wp-content\/uploads\/2019\/03\/Blende-2_8_150mm_M170004-1024x581.jpg 1024w, http:\/\/www.blog.armin-reimold.de\/wp-content\/uploads\/2019\/03\/Blende-2_8_150mm_M170004-300x170.jpg 300w, http:\/\/www.blog.armin-reimold.de\/wp-content\/uploads\/2019\/03\/Blende-2_8_150mm_M170004-768x436.jpg 768w, http:\/\/www.blog.armin-reimold.de\/wp-content\/uploads\/2019\/03\/Blende-2_8_150mm_M170004.jpg 1264w\" sizes=\"auto, (max-width: 1024px) 100vw, 1024px\" \/><figcaption>2,8 40-150 bei Blende 2,8 und 150mm 100% Ausschnitt<\/figcaption><\/figure>\n\n\n\n<figure class=\"wp-block-image\"><img loading=\"lazy\" decoding=\"async\" width=\"1020\" height=\"654\" src=\"http:\/\/www.blog.armin-reimold.de\/wp-content\/uploads\/2019\/03\/20190321-_135_2_100Prozent.jpg\" alt=\"\" class=\"wp-image-2282\" srcset=\"http:\/\/www.blog.armin-reimold.de\/wp-content\/uploads\/2019\/03\/20190321-_135_2_100Prozent.jpg 1020w, http:\/\/www.blog.armin-reimold.de\/wp-content\/uploads\/2019\/03\/20190321-_135_2_100Prozent-300x192.jpg 300w, http:\/\/www.blog.armin-reimold.de\/wp-content\/uploads\/2019\/03\/20190321-_135_2_100Prozent-768x492.jpg 768w\" sizes=\"auto, (max-width: 1020px) 100vw, 1020px\" \/><figcaption>Samyang 2,0 135mm bei Blende 2 100% Ausschnitt<\/figcaption><\/figure>\n\n\n\n<figure class=\"wp-block-image\"><img loading=\"lazy\" decoding=\"async\" width=\"1024\" height=\"768\" src=\"http:\/\/www.blog.armin-reimold.de\/wp-content\/uploads\/2019\/03\/Blende-4_0_100mm_komplett_M170004-1024x768.jpg\" alt=\"\" class=\"wp-image-2277\" srcset=\"http:\/\/www.blog.armin-reimold.de\/wp-content\/uploads\/2019\/03\/Blende-4_0_100mm_komplett_M170004-1024x768.jpg 1024w, http:\/\/www.blog.armin-reimold.de\/wp-content\/uploads\/2019\/03\/Blende-4_0_100mm_komplett_M170004-300x225.jpg 300w, http:\/\/www.blog.armin-reimold.de\/wp-content\/uploads\/2019\/03\/Blende-4_0_100mm_komplett_M170004-768x576.jpg 768w\" sizes=\"auto, (max-width: 1024px) 100vw, 1024px\" \/><figcaption>2,8 40-150 bei Blende 4 und 100 mm<\/figcaption><\/figure>\n\n\n\n<figure class=\"wp-block-image\"><img loading=\"lazy\" decoding=\"async\" width=\"800\" height=\"600\" src=\"http:\/\/www.blog.armin-reimold.de\/wp-content\/uploads\/2019\/03\/100mm_Blende-4_komplett_M170004.jpg\" alt=\"\" class=\"wp-image-2271\" srcset=\"http:\/\/www.blog.armin-reimold.de\/wp-content\/uploads\/2019\/03\/100mm_Blende-4_komplett_M170004.jpg 800w, http:\/\/www.blog.armin-reimold.de\/wp-content\/uploads\/2019\/03\/100mm_Blende-4_komplett_M170004-300x225.jpg 300w, http:\/\/www.blog.armin-reimold.de\/wp-content\/uploads\/2019\/03\/100mm_Blende-4_komplett_M170004-768x576.jpg 768w\" sizes=\"auto, (max-width: 800px) 100vw, 800px\" \/><figcaption>4 12-100 bei Blende 4 und 100mm<\/figcaption><\/figure>\n\n\n\n<figure class=\"wp-block-image\"><img loading=\"lazy\" decoding=\"async\" width=\"800\" height=\"600\" src=\"http:\/\/www.blog.armin-reimold.de\/wp-content\/uploads\/2019\/03\/Blende-2_8_150mm_komplett_M170004.jpg\" alt=\"\" class=\"wp-image-2275\" srcset=\"http:\/\/www.blog.armin-reimold.de\/wp-content\/uploads\/2019\/03\/Blende-2_8_150mm_komplett_M170004.jpg 800w, http:\/\/www.blog.armin-reimold.de\/wp-content\/uploads\/2019\/03\/Blende-2_8_150mm_komplett_M170004-300x225.jpg 300w, http:\/\/www.blog.armin-reimold.de\/wp-content\/uploads\/2019\/03\/Blende-2_8_150mm_komplett_M170004-768x576.jpg 768w\" sizes=\"auto, (max-width: 800px) 100vw, 800px\" \/><figcaption>2,8 40-150 bei Blende 2,8 und 150mm<\/figcaption><\/figure>\n\n\n\n<figure class=\"wp-block-image\"><img loading=\"lazy\" decoding=\"async\" width=\"800\" height=\"600\" src=\"http:\/\/www.blog.armin-reimold.de\/wp-content\/uploads\/2019\/03\/20190321-_135_2_Bokeh.jpg\" alt=\"\" class=\"wp-image-2283\" srcset=\"http:\/\/www.blog.armin-reimold.de\/wp-content\/uploads\/2019\/03\/20190321-_135_2_Bokeh.jpg 800w, http:\/\/www.blog.armin-reimold.de\/wp-content\/uploads\/2019\/03\/20190321-_135_2_Bokeh-300x225.jpg 300w, http:\/\/www.blog.armin-reimold.de\/wp-content\/uploads\/2019\/03\/20190321-_135_2_Bokeh-768x576.jpg 768w\" sizes=\"auto, (max-width: 800px) 100vw, 800px\" \/><figcaption>Samyang 2,0 135 mm bei Blende 2,0 Bokeh<\/figcaption><\/figure>\n\n\n\n<p>Der andere Weisabgleich beim Samyang kommt daher, das das Bild abends bei Kunstlicht enstanden ist, die anderen Tags\u00fcber mit Sonnenlicht am Nordfenster.<\/p>\n\n\n\n<p>Das Samyang hat einen schlechteren Naheinstellungsbereich als beide anderen Linsen, allerdings kann man mit Zwischenringen noch einiges verbessern.<br><br><\/p>\n\n\n\n<h2 class=\"wp-block-heading\"><strong>Februar<\/strong><\/h2>\n\n\n\n<p>Im Februar bin ich nach <a aria-label=\"Patagonien in den Urlaub  (\u00f6ffnet in neuem Tab)\" href=\"https:\/\/www.wikinger-reisen.de\/fernreisen\/suedamerika\/4506T.php\" target=\"_blank\" rel=\"noreferrer noopener\">Patagonien in den Urlaub <\/a>geflogen. Da wird dort auch ein f\u00fcnft\u00e4giges Hiking hatten, musste ich mir \u00fcberlegen, wie ich fotografisch unterwegs bin. Die 2,8er Pro Objektive im Rucksack bringen gewaltig Gewicht. Das 14-150mm gef\u00e4llt mir vom Bildwinkel und der Bildqualit\u00e4t nicht. Daher habe ich mir kurzentschlossen das <a aria-label=\"Olympus 4 12-100 (\u00f6ffnet in neuem Tab)\" href=\"https:\/\/www.amazon.de\/Olympus-Zuiko-Digital-ED-12-100mm\/dp\/B01LYHW9HA\/ref=sr_1_1?__mk_de_DE=%C3%85M%C3%85%C5%BD%C3%95%C3%91&amp;crid=2LZQIAIA4B4WF&amp;keywords=olympus+12-100&amp;qid=1552244396&amp;s=gateway&amp;sprefix=olympus+12%2Caps%2C529&amp;sr=8-1\" target=\"_blank\" rel=\"noreferrer noopener\">Olympus 4 12-100<\/a> beschafft. So konnte ich mit einem Objektiv zum Hiking, f\u00fcr die anderen Touren hatte ich das 2,8 7-14mm und das 4,5-5,6 40-1500 FT mit dabei. <\/p>\n\n\n\n<p>Zum Transport und schnellen Zugriff habe ich mir die <a aria-label=\"&quot;Colttasche&quot; von Hama  (\u00f6ffnet in neuem Tab)\" href=\"https:\/\/www.amazon.de\/Hama-Kameratasche-Spiegelreflexkamera-Objektiv-Schwarz\/dp\/B00NCX6BPA\/ref=sr_1_3?__mk_de_DE=%C3%85M%C3%85%C5%BD%C3%95%C3%91&amp;crid=IC1YTVYI5TXV&amp;keywords=fototasche+colt&amp;qid=1552244627&amp;s=gateway&amp;sprefix=fototaschen+colt%2Caps%2C216&amp;sr=8-3\" target=\"_blank\" rel=\"noreferrer noopener\">&#8222;Colttasche&#8220; von Hama <\/a>beschafft, die ich am H\u00fcftgurt des Rucksacks befestigt habe. Somit war ein schneller Zugriff trotz normalem Wanderrucksack gew\u00e4hrleistet.<\/p>\n\n\n\n<h2 class=\"wp-block-heading\">Januar<\/h2>\n\n\n\n<figure class=\"wp-block-image\"><img loading=\"lazy\" decoding=\"async\" width=\"600\" height=\"800\" src=\"http:\/\/www.blog.armin-reimold.de\/wp-content\/uploads\/2019\/01\/Neujahr-2019.jpg\" alt=\"\" class=\"wp-image-2265\" srcset=\"http:\/\/www.blog.armin-reimold.de\/wp-content\/uploads\/2019\/01\/Neujahr-2019.jpg 600w, http:\/\/www.blog.armin-reimold.de\/wp-content\/uploads\/2019\/01\/Neujahr-2019-225x300.jpg 225w\" sizes=\"auto, (max-width: 600px) 100vw, 600px\" \/><figcaption>Ein frohes, neues Jahr 2019!<\/figcaption><\/figure>\n","protected":false},"excerpt":{"rendered":"<p>Dezember Im Dezember habe ich mir das neue Funk-TTL-Blitzsystem von Olympus beschafft. F\u00fcr jemand der nicht gerne blitzt ist das Teil genial. Was mich st\u00f6rt, ist das die Zoomeinstellung des Objektivs nicht per Funk \u00fcbertragen wird. Sitzt der Blitz direkt &hellip; <a href=\"http:\/\/www.blog.armin-reimold.de\/?page_id=2261\">Weiterlesen <span class=\"meta-nav\">&rarr;<\/span><\/a><\/p>\n","protected":false},"author":1,"featured_media":0,"parent":0,"menu_order":0,"comment_status":"closed","ping_status":"closed","template":"","meta":{"footnotes":""},"class_list":["post-2261","page","type-page","status-publish","hentry"],"_links":{"self":[{"href":"http:\/\/www.blog.armin-reimold.de\/index.php?rest_route=\/wp\/v2\/pages\/2261","targetHints":{"allow":["GET"]}}],"collection":[{"href":"http:\/\/www.blog.armin-reimold.de\/index.php?rest_route=\/wp\/v2\/pages"}],"about":[{"href":"http:\/\/www.blog.armin-reimold.de\/index.php?rest_route=\/wp\/v2\/types\/page"}],"author":[{"embeddable":true,"href":"http:\/\/www.blog.armin-reimold.de\/index.php?rest_route=\/wp\/v2\/users\/1"}],"replies":[{"embeddable":true,"href":"http:\/\/www.blog.armin-reimold.de\/index.php?rest_route=%2Fwp%2Fv2%2Fcomments&post=2261"}],"version-history":[{"count":17,"href":"http:\/\/www.blog.armin-reimold.de\/index.php?rest_route=\/wp\/v2\/pages\/2261\/revisions"}],"predecessor-version":[{"id":2324,"href":"http:\/\/www.blog.armin-reimold.de\/index.php?rest_route=\/wp\/v2\/pages\/2261\/revisions\/2324"}],"wp:attachment":[{"href":"http:\/\/www.blog.armin-reimold.de\/index.php?rest_route=%2Fwp%2Fv2%2Fmedia&parent=2261"}],"curies":[{"name":"wp","href":"https:\/\/api.w.org\/{rel}","templated":true}]}}